{"id":62388,"date":"2025-10-08T17:03:03","date_gmt":"2025-10-08T15:03:03","guid":{"rendered":"https:\/\/drytech.ch\/grazie-per-averci-contattato\/"},"modified":"2025-10-13T15:38:29","modified_gmt":"2025-10-13T13:38:29","slug":"merci-de-nous-avoir-contactes","status":"publish","type":"page","link":"https:\/\/drytech.ch\/fr\/merci-de-nous-avoir-contactes\/","title":{"rendered":"Merci de nous avoir contact\u00e9s."},"content":{"rendered":"<p>&nbsp;<\/p>\n<p style=\"text-align: center;\">Nous avons bien re\u00e7u ta demande et nous te r\u00e9pondrons sous peu.<\/p>\n","protected":false},"excerpt":{"rendered":"<p>&nbsp; Nous avons bien re\u00e7u ta demande et nous te r\u00e9pondrons sous peu.<\/p>\n","protected":false},"author":1,"featured_media":0,"parent":0,"menu_order":0,"comment_status":"closed","ping_status":"closed","template":"","meta":{"footnotes":""},"class_list":["post-62388","page","type-page","status-publish"],"yoast_head":"<!-- This site is optimized with the Yoast SEO plugin v27.2 - https:\/\/yoast.com\/product\/yoast-seo-wordpress\/ -->\n<title>Merci de nous avoir contact\u00e9s. - Drytech<\/title>\n<meta name=\"robots\" content=\"index, follow, max-snippet:-1, max-image-preview:large, max-video-preview:-1\" \/>\n<link rel=\"canonical\" href=\"https:\/\/drytech.ch\/fr\/merci-de-nous-avoir-contactes\/\" \/>\n<meta property=\"og:locale\" content=\"fr_FR\" \/>\n<meta property=\"og:type\" content=\"article\" \/>\n<meta property=\"og:title\" content=\"Merci de nous avoir contact\u00e9s. - Drytech\" \/>\n<meta property=\"og:description\" content=\"&nbsp; Nous avons bien re\u00e7u ta demande et nous te r\u00e9pondrons sous peu.\" \/>\n<meta property=\"og:url\" content=\"https:\/\/drytech.ch\/fr\/merci-de-nous-avoir-contactes\/\" \/>\n<meta property=\"og:site_name\" content=\"Drytech\" \/>\n<meta property=\"article:modified_time\" content=\"2025-10-13T13:38:29+00:00\" \/>\n<meta property=\"og:image\" content=\"https:\/\/drytech.ch\/wp-content\/uploads\/2024\/02\/seo_mantegazza-4draw.jpg\" \/>\n\t<meta property=\"og:image:width\" content=\"1200\" \/>\n\t<meta property=\"og:image:height\" content=\"675\" \/>\n\t<meta property=\"og:image:type\" content=\"image\/jpeg\" \/>\n<meta name=\"twitter:card\" content=\"summary_large_image\" \/>\n<meta name=\"twitter:label1\" content=\"Dur\u00e9e de lecture estim\u00e9e\" \/>\n\t<meta name=\"twitter:data1\" content=\"1 minute\" \/>\n<script type=\"application\/ld+json\" class=\"yoast-schema-graph\">{\"@context\":\"https:\/\/schema.org\",\"@graph\":[{\"@type\":\"WebPage\",\"@id\":\"https:\/\/drytech.ch\/fr\/merci-de-nous-avoir-contactes\/\",\"url\":\"https:\/\/drytech.ch\/fr\/merci-de-nous-avoir-contactes\/\",\"name\":\"Merci de nous avoir contact\u00e9s. - Drytech\",\"isPartOf\":{\"@id\":\"https:\/\/drytech.ch\/fr\/#website\"},\"datePublished\":\"2025-10-08T15:03:03+00:00\",\"dateModified\":\"2025-10-13T13:38:29+00:00\",\"breadcrumb\":{\"@id\":\"https:\/\/drytech.ch\/fr\/merci-de-nous-avoir-contactes\/#breadcrumb\"},\"inLanguage\":\"fr-FR\",\"potentialAction\":[{\"@type\":\"ReadAction\",\"target\":[\"https:\/\/drytech.ch\/fr\/merci-de-nous-avoir-contactes\/\"]}]},{\"@type\":\"BreadcrumbList\",\"@id\":\"https:\/\/drytech.ch\/fr\/merci-de-nous-avoir-contactes\/#breadcrumb\",\"itemListElement\":[{\"@type\":\"ListItem\",\"position\":1,\"name\":\"Home\",\"item\":\"https:\/\/drytech.ch\/fr\/\"},{\"@type\":\"ListItem\",\"position\":2,\"name\":\"Merci de nous avoir contact\u00e9s.\"}]},{\"@type\":\"WebSite\",\"@id\":\"https:\/\/drytech.ch\/fr\/#website\",\"url\":\"https:\/\/drytech.ch\/fr\/\",\"name\":\"Drytech\",\"description\":\"Costruzioni Impermeabili\",\"publisher\":{\"@id\":\"https:\/\/drytech.ch\/fr\/#organization\"},\"alternateName\":\"waterproofing\",\"potentialAction\":[{\"@type\":\"SearchAction\",\"target\":{\"@type\":\"EntryPoint\",\"urlTemplate\":\"https:\/\/drytech.ch\/fr\/?s={search_term_string}\"},\"query-input\":{\"@type\":\"PropertyValueSpecification\",\"valueRequired\":true,\"valueName\":\"search_term_string\"}}],\"inLanguage\":\"fr-FR\"},{\"@type\":\"Organization\",\"@id\":\"https:\/\/drytech.ch\/fr\/#organization\",\"name\":\"Drytech\",\"url\":\"https:\/\/drytech.ch\/fr\/\",\"logo\":{\"@type\":\"ImageObject\",\"inLanguage\":\"fr-FR\",\"@id\":\"https:\/\/drytech.ch\/fr\/#\/schema\/logo\/image\/\",\"url\":\"https:\/\/drytech.ch\/wp-content\/uploads\/2020\/05\/drytech-logo-retina.png\",\"contentUrl\":\"https:\/\/drytech.ch\/wp-content\/uploads\/2020\/05\/drytech-logo-retina.png\",\"width\":839,\"height\":149,\"caption\":\"Drytech\"},\"image\":{\"@id\":\"https:\/\/drytech.ch\/fr\/#\/schema\/logo\/image\/\"}}]}<\/script>\n<!-- \/ Yoast SEO plugin. -->","yoast_head_json":{"title":"Merci de nous avoir contact\u00e9s. - Drytech","robots":{"index":"index","follow":"follow","max-snippet":"max-snippet:-1","max-image-preview":"max-image-preview:large","max-video-preview":"max-video-preview:-1"},"canonical":"https:\/\/drytech.ch\/fr\/merci-de-nous-avoir-contactes\/","og_locale":"fr_FR","og_type":"article","og_title":"Merci de nous avoir contact\u00e9s. - Drytech","og_description":"&nbsp; Nous avons bien re\u00e7u ta demande et nous te r\u00e9pondrons sous peu.","og_url":"https:\/\/drytech.ch\/fr\/merci-de-nous-avoir-contactes\/","og_site_name":"Drytech","article_modified_time":"2025-10-13T13:38:29+00:00","og_image":[{"width":1200,"height":675,"url":"https:\/\/drytech.ch\/wp-content\/uploads\/2024\/02\/seo_mantegazza-4draw.jpg","type":"image\/jpeg"}],"twitter_card":"summary_large_image","twitter_misc":{"Dur\u00e9e de lecture estim\u00e9e":"1 minute"},"schema":{"@context":"https:\/\/schema.org","@graph":[{"@type":"WebPage","@id":"https:\/\/drytech.ch\/fr\/merci-de-nous-avoir-contactes\/","url":"https:\/\/drytech.ch\/fr\/merci-de-nous-avoir-contactes\/","name":"Merci de nous avoir contact\u00e9s. - Drytech","isPartOf":{"@id":"https:\/\/drytech.ch\/fr\/#website"},"datePublished":"2025-10-08T15:03:03+00:00","dateModified":"2025-10-13T13:38:29+00:00","breadcrumb":{"@id":"https:\/\/drytech.ch\/fr\/merci-de-nous-avoir-contactes\/#breadcrumb"},"inLanguage":"fr-FR","potentialAction":[{"@type":"ReadAction","target":["https:\/\/drytech.ch\/fr\/merci-de-nous-avoir-contactes\/"]}]},{"@type":"BreadcrumbList","@id":"https:\/\/drytech.ch\/fr\/merci-de-nous-avoir-contactes\/#breadcrumb","itemListElement":[{"@type":"ListItem","position":1,"name":"Home","item":"https:\/\/drytech.ch\/fr\/"},{"@type":"ListItem","position":2,"name":"Merci de nous avoir contact\u00e9s."}]},{"@type":"WebSite","@id":"https:\/\/drytech.ch\/fr\/#website","url":"https:\/\/drytech.ch\/fr\/","name":"Drytech","description":"Costruzioni Impermeabili","publisher":{"@id":"https:\/\/drytech.ch\/fr\/#organization"},"alternateName":"waterproofing","potentialAction":[{"@type":"SearchAction","target":{"@type":"EntryPoint","urlTemplate":"https:\/\/drytech.ch\/fr\/?s={search_term_string}"},"query-input":{"@type":"PropertyValueSpecification","valueRequired":true,"valueName":"search_term_string"}}],"inLanguage":"fr-FR"},{"@type":"Organization","@id":"https:\/\/drytech.ch\/fr\/#organization","name":"Drytech","url":"https:\/\/drytech.ch\/fr\/","logo":{"@type":"ImageObject","inLanguage":"fr-FR","@id":"https:\/\/drytech.ch\/fr\/#\/schema\/logo\/image\/","url":"https:\/\/drytech.ch\/wp-content\/uploads\/2020\/05\/drytech-logo-retina.png","contentUrl":"https:\/\/drytech.ch\/wp-content\/uploads\/2020\/05\/drytech-logo-retina.png","width":839,"height":149,"caption":"Drytech"},"image":{"@id":"https:\/\/drytech.ch\/fr\/#\/schema\/logo\/image\/"}}]}},"_links":{"self":[{"href":"https:\/\/drytech.ch\/fr\/wp-json\/wp\/v2\/pages\/62388","targetHints":{"allow":["GET"]}}],"collection":[{"href":"https:\/\/drytech.ch\/fr\/wp-json\/wp\/v2\/pages"}],"about":[{"href":"https:\/\/drytech.ch\/fr\/wp-json\/wp\/v2\/types\/page"}],"author":[{"embeddable":true,"href":"https:\/\/drytech.ch\/fr\/wp-json\/wp\/v2\/users\/1"}],"replies":[{"embeddable":true,"href":"https:\/\/drytech.ch\/fr\/wp-json\/wp\/v2\/comments?post=62388"}],"version-history":[{"count":1,"href":"https:\/\/drytech.ch\/fr\/wp-json\/wp\/v2\/pages\/62388\/revisions"}],"predecessor-version":[{"id":62391,"href":"https:\/\/drytech.ch\/fr\/wp-json\/wp\/v2\/pages\/62388\/revisions\/62391"}],"wp:attachment":[{"href":"https:\/\/drytech.ch\/fr\/wp-json\/wp\/v2\/media?parent=62388"}],"curies":[{"name":"wp","href":"https:\/\/api.w.org\/{rel}","templated":true}]}}